{"id":29,"date":"2011-03-20T10:46:46","date_gmt":"2011-03-20T10:46:46","guid":{"rendered":"http:\/\/agrinschgl.wreiner.at\/wordpress\/?page_id=29"},"modified":"2021-01-11T11:20:18","modified_gmt":"2021-01-11T09:20:18","slug":"impressum","status":"publish","type":"page","link":"http:\/\/www.karrieremanagement.at\/?page_id=29","title":{"rendered":"Impressum"},"content":{"rendered":"<p><strong>training wei\u00df-gr\u00fcn &#8211; Verein f\u00fcr Jugend- und Erwachsenenbildung<\/strong><br \/>\nzH. GF DI (FH) Simon Aldrian<br \/>\nEggenberger Allee 31<br \/>\n8020 Graz<br \/>\nTel.: (0660) 60 66 216<br \/>\nEmail: office@karrieremanagement.at<\/p>\n","protected":false},"excerpt":{"rendered":"<p>training wei\u00df-gr\u00fcn &#8211; Verein f\u00fcr Jugend- und Erwachsenenbildung zH. GF DI (FH) Simon Aldrian Eggenberger Allee 31 8020 Graz Tel.: (0660) 60 66 216 Email: office@karrieremanagement.at<\/p>\n","protected":false},"author":1,"featured_media":0,"parent":27,"menu_order":0,"comment_status":"closed","ping_status":"closed","template":"","meta":[],"_links":{"self":[{"href":"http:\/\/www.karrieremanagement.at\/index.php?rest_route=\/wp\/v2\/pages\/29"}],"collection":[{"href":"http:\/\/www.karrieremanagement.at\/index.php?rest_route=\/wp\/v2\/pages"}],"about":[{"href":"http:\/\/www.karrieremanagement.at\/index.php?rest_route=\/wp\/v2\/types\/page"}],"author":[{"embeddable":true,"href":"http:\/\/www.karrieremanagement.at\/index.php?rest_route=\/wp\/v2\/users\/1"}],"replies":[{"embeddable":true,"href":"http:\/\/www.karrieremanagement.at\/index.php?rest_route=%2Fwp%2Fv2%2Fcomments&post=29"}],"version-history":[{"count":5,"href":"http:\/\/www.karrieremanagement.at\/index.php?rest_route=\/wp\/v2\/pages\/29\/revisions"}],"predecessor-version":[{"id":131,"href":"http:\/\/www.karrieremanagement.at\/index.php?rest_route=\/wp\/v2\/pages\/29\/revisions\/131"}],"up":[{"embeddable":true,"href":"http:\/\/www.karrieremanagement.at\/index.php?rest_route=\/wp\/v2\/pages\/27"}],"wp:attachment":[{"href":"http:\/\/www.karrieremanagement.at\/index.php?rest_route=%2Fwp%2Fv2%2Fmedia&parent=29"}],"curies":[{"name":"wp","href":"https:\/\/api.w.org\/{rel}","templated":true}]}}