{"id":60,"date":"2011-03-29T08:16:38","date_gmt":"2011-03-29T08:16:38","guid":{"rendered":"http:\/\/agrinschgl.wreiner.at\/wordpress\/?page_id=60"},"modified":"2016-02-17T20:24:57","modified_gmt":"2016-02-17T18:24:57","slug":"klassensprechercoaching","status":"publish","type":"page","link":"http:\/\/www.karrieremanagement.at\/?page_id=60","title":{"rendered":"Klassensprechercoaching"},"content":{"rendered":"<div>Sich selbst und die Interessen anderer erfolgreich zu vertreten ist wohl einer der spannendsten Herausforderungen in unserer Demokratie. Gerade f\u00fcr Sch\u00fcler ist es wichtig, eine seri\u00f6se Vertretung und ein kr\u00e4ftiges Sprachrohr an der eigenen Schule zu haben. In diesem Workshop zeigen wir Vorteile, Chancen, aber auch Anforderungen einer erfolgreichen Vertretung f\u00fcr Sch\u00fclerinnen und Sch\u00fcler auf.<\/p>\n<h3>Inhalte<\/h3>\n<ul>\n<li>Rechtliche\u00a0Situation<\/li>\n<li>Chancen der Personalvertretung<\/li>\n<li>Organe der Sch\u00fclervertretung<\/li>\n<li>Partizipationsm\u00f6glichkeiten<\/li>\n<li>Pers\u00f6nliche Chancen<\/li>\n<\/ul>\n<p>Dauer: 6 StundenBeitrag: \u20ac 0,-<\/p><\/div>\n","protected":false},"excerpt":{"rendered":"<p>Sich selbst und die Interessen anderer erfolgreich zu vertreten ist wohl einer der spannendsten Herausforderungen in unserer Demokratie. Gerade f\u00fcr Sch\u00fcler ist es wichtig, eine seri\u00f6se Vertretung und ein kr\u00e4ftiges Sprachrohr an der eigenen Schule zu haben. In diesem Workshop zeigen wir Vorteile, Chancen, aber auch Anforderungen einer erfolgreichen Vertretung&#8230;<\/p>\n","protected":false},"author":1,"featured_media":0,"parent":20,"menu_order":0,"comment_status":"closed","ping_status":"closed","template":"onecolumn-page.php","meta":[],"_links":{"self":[{"href":"http:\/\/www.karrieremanagement.at\/index.php?rest_route=\/wp\/v2\/pages\/60"}],"collection":[{"href":"http:\/\/www.karrieremanagement.at\/index.php?rest_route=\/wp\/v2\/pages"}],"about":[{"href":"http:\/\/www.karrieremanagement.at\/index.php?rest_route=\/wp\/v2\/types\/page"}],"author":[{"embeddable":true,"href":"http:\/\/www.karrieremanagement.at\/index.php?rest_route=\/wp\/v2\/users\/1"}],"replies":[{"embeddable":true,"href":"http:\/\/www.karrieremanagement.at\/index.php?rest_route=%2Fwp%2Fv2%2Fcomments&post=60"}],"version-history":[{"count":1,"href":"http:\/\/www.karrieremanagement.at\/index.php?rest_route=\/wp\/v2\/pages\/60\/revisions"}],"predecessor-version":[{"id":116,"href":"http:\/\/www.karrieremanagement.at\/index.php?rest_route=\/wp\/v2\/pages\/60\/revisions\/116"}],"up":[{"embeddable":true,"href":"http:\/\/www.karrieremanagement.at\/index.php?rest_route=\/wp\/v2\/pages\/20"}],"wp:attachment":[{"href":"http:\/\/www.karrieremanagement.at\/index.php?rest_route=%2Fwp%2Fv2%2Fmedia&parent=60"}],"curies":[{"name":"wp","href":"https:\/\/api.w.org\/{rel}","templated":true}]}}