{"id":62,"date":"2011-03-29T08:17:54","date_gmt":"2011-03-29T08:17:54","guid":{"rendered":"http:\/\/agrinschgl.wreiner.at\/wordpress\/?page_id=62"},"modified":"2016-02-17T20:25:39","modified_gmt":"2016-02-17T18:25:39","slug":"rhetorik","status":"publish","type":"page","link":"http:\/\/www.karrieremanagement.at\/?page_id=62","title":{"rendered":"Rhetorik"},"content":{"rendered":"<div>Der Workshop \u201cRhetorik\u201d ist bei uns am beliebtesten und bietet einen einfachen und schnellen Einstieg in den umfassenden Bereich der Rhetorik. Der Workshop ist auf die Bed\u00fcrfnisse von Sch\u00fclern zugeschnitten und gibt die M\u00f6glichkeit erste Schritte zum ge\u00fcbten Redner zu machen.<\/p>\n<h3>Inhalte<\/h3>\n<ul>\n<li>Referate wirkungsvoll gestalten<\/li>\n<li>Selbstsicher auftreten<\/li>\n<li>Schw\u00e4chen erkennen und bek\u00e4mpfen<\/li>\n<li>Situatives Redeverhalten<\/li>\n<li>Frei Reden<\/li>\n<\/ul>\n<p>Dauer: 6 StundenBeitrag: \u20ac 8,- pro Teilnehmer<\/p><\/div>\n","protected":false},"excerpt":{"rendered":"<p>Der Workshop \u201cRhetorik\u201d ist bei uns am beliebtesten und bietet einen einfachen und schnellen Einstieg in den umfassenden Bereich der Rhetorik. Der Workshop ist auf die Bed\u00fcrfnisse von Sch\u00fclern zugeschnitten und gibt die M\u00f6glichkeit erste Schritte zum ge\u00fcbten Redner zu machen. Inhalte Referate wirkungsvoll gestalten Selbstsicher auftreten Schw\u00e4chen erkennen und&#8230;<\/p>\n","protected":false},"author":1,"featured_media":0,"parent":20,"menu_order":1,"comment_status":"closed","ping_status":"closed","template":"onecolumn-page.php","meta":[],"_links":{"self":[{"href":"http:\/\/www.karrieremanagement.at\/index.php?rest_route=\/wp\/v2\/pages\/62"}],"collection":[{"href":"http:\/\/www.karrieremanagement.at\/index.php?rest_route=\/wp\/v2\/pages"}],"about":[{"href":"http:\/\/www.karrieremanagement.at\/index.php?rest_route=\/wp\/v2\/types\/page"}],"author":[{"embeddable":true,"href":"http:\/\/www.karrieremanagement.at\/index.php?rest_route=\/wp\/v2\/users\/1"}],"replies":[{"embeddable":true,"href":"http:\/\/www.karrieremanagement.at\/index.php?rest_route=%2Fwp%2Fv2%2Fcomments&post=62"}],"version-history":[{"count":1,"href":"http:\/\/www.karrieremanagement.at\/index.php?rest_route=\/wp\/v2\/pages\/62\/revisions"}],"predecessor-version":[{"id":117,"href":"http:\/\/www.karrieremanagement.at\/index.php?rest_route=\/wp\/v2\/pages\/62\/revisions\/117"}],"up":[{"embeddable":true,"href":"http:\/\/www.karrieremanagement.at\/index.php?rest_route=\/wp\/v2\/pages\/20"}],"wp:attachment":[{"href":"http:\/\/www.karrieremanagement.at\/index.php?rest_route=%2Fwp%2Fv2%2Fmedia&parent=62"}],"curies":[{"name":"wp","href":"https:\/\/api.w.org\/{rel}","templated":true}]}}