{"id":64,"date":"2011-03-29T08:18:51","date_gmt":"2011-03-29T06:18:51","guid":{"rendered":"http:\/\/agrinschgl.wreiner.at\/wordpress\/?page_id=64"},"modified":"2016-02-17T20:25:50","modified_gmt":"2016-02-17T18:25:50","slug":"rhetorik-prasentation","status":"publish","type":"page","link":"http:\/\/www.karrieremanagement.at\/?page_id=64","title":{"rendered":"Rhetorik&#038;Pr\u00e4sentation"},"content":{"rendered":"<p>Heutzutage ist eine ge\u00fcbte Rhetorik\u00a0Voraussetzung\u00a0f\u00fcr  berufliches Engagement und Erfolg. Dieser Workshop hilft dabei wichtige  Erfahrungen als Redner zu sammeln, um dem Publikum selbstsicher seine  Ideen darlegen zu k\u00f6nnen. Effektvolle Pr\u00e4sentationen und gelungene  Auftritte werden zur Selbstverst\u00e4ndlichkeit.<\/p>\n<div>\n<h3>Inhalte:<\/h3>\n<ul>\n<li>Rede- und Pr\u00e4sentationsschemata<\/li>\n<li>Dramaturgie der Rede<\/li>\n<li>Einsatz von Pr\u00e4sentationsmitteln<\/li>\n<li>Selbstsicheres Auftreten<\/li>\n<li>Arbeiten mit K\u00f6rperssprache<\/li>\n<li>Umgang mit Publikum<\/li>\n<li>Frei Sprechen<\/li>\n<\/ul>\n<p>Dauer: 8 StundenBeitrag: \u20ac 11,- pro Teilnehmer<\/p><\/div>\n","protected":false},"excerpt":{"rendered":"<p>Heutzutage ist eine ge\u00fcbte Rhetorik\u00a0Voraussetzung\u00a0f\u00fcr berufliches Engagement und Erfolg. Dieser Workshop hilft dabei wichtige Erfahrungen als Redner zu sammeln, um dem Publikum selbstsicher seine Ideen darlegen zu k\u00f6nnen. Effektvolle Pr\u00e4sentationen und gelungene Auftritte werden zur Selbstverst\u00e4ndlichkeit. Inhalte: Rede- und Pr\u00e4sentationsschemata Dramaturgie der Rede Einsatz von Pr\u00e4sentationsmitteln Selbstsicheres Auftreten Arbeiten mit&#8230;<\/p>\n","protected":false},"author":1,"featured_media":0,"parent":20,"menu_order":2,"comment_status":"closed","ping_status":"closed","template":"onecolumn-page.php","meta":[],"_links":{"self":[{"href":"http:\/\/www.karrieremanagement.at\/index.php?rest_route=\/wp\/v2\/pages\/64"}],"collection":[{"href":"http:\/\/www.karrieremanagement.at\/index.php?rest_route=\/wp\/v2\/pages"}],"about":[{"href":"http:\/\/www.karrieremanagement.at\/index.php?rest_route=\/wp\/v2\/types\/page"}],"author":[{"embeddable":true,"href":"http:\/\/www.karrieremanagement.at\/index.php?rest_route=\/wp\/v2\/users\/1"}],"replies":[{"embeddable":true,"href":"http:\/\/www.karrieremanagement.at\/index.php?rest_route=%2Fwp%2Fv2%2Fcomments&post=64"}],"version-history":[{"count":1,"href":"http:\/\/www.karrieremanagement.at\/index.php?rest_route=\/wp\/v2\/pages\/64\/revisions"}],"predecessor-version":[{"id":118,"href":"http:\/\/www.karrieremanagement.at\/index.php?rest_route=\/wp\/v2\/pages\/64\/revisions\/118"}],"up":[{"embeddable":true,"href":"http:\/\/www.karrieremanagement.at\/index.php?rest_route=\/wp\/v2\/pages\/20"}],"wp:attachment":[{"href":"http:\/\/www.karrieremanagement.at\/index.php?rest_route=%2Fwp%2Fv2%2Fmedia&parent=64"}],"curies":[{"name":"wp","href":"https:\/\/api.w.org\/{rel}","templated":true}]}}