{"id":66,"date":"2011-03-29T08:19:22","date_gmt":"2011-03-29T06:19:22","guid":{"rendered":"http:\/\/agrinschgl.wreiner.at\/wordpress\/?page_id=66"},"modified":"2016-02-17T20:25:55","modified_gmt":"2016-02-17T18:25:55","slug":"schulerzeitung","status":"publish","type":"page","link":"http:\/\/www.karrieremanagement.at\/?page_id=66","title":{"rendered":"Sch\u00fclerzeitung"},"content":{"rendered":"<p>Eine spannende Zeitung f\u00fcr die eigene Schule zu gestalten ist  eine interessante Aufgabe und f\u00fcr viele der erste Einstieg in die Welt  der Medien. In diesem Workshop lernst du, worauf du bei der inhaltlichen  und grafischen Gestaltung einer Zeitung achten musst und wie du deine  Sch\u00fclerzeitung zum gewichtigen Sprachrohr bei Mitsch\u00fclern, Eltern und  Lehrern machst.<\/p>\n<div>Dauer: 8 StundenBeitrag: \u20ac 11,- pro TeilnehmerAuf Wunsch kann dieser Workshop auch auf mehrere Tage verteilt bzw. ausgeweitet werden.<\/div>\n","protected":false},"excerpt":{"rendered":"<p>Eine spannende Zeitung f\u00fcr die eigene Schule zu gestalten ist eine interessante Aufgabe und f\u00fcr viele der erste Einstieg in die Welt der Medien. In diesem Workshop lernst du, worauf du bei der inhaltlichen und grafischen Gestaltung einer Zeitung achten musst und wie du deine Sch\u00fclerzeitung zum gewichtigen Sprachrohr bei&#8230;<\/p>\n","protected":false},"author":1,"featured_media":0,"parent":20,"menu_order":3,"comment_status":"closed","ping_status":"closed","template":"onecolumn-page.php","meta":[],"_links":{"self":[{"href":"http:\/\/www.karrieremanagement.at\/index.php?rest_route=\/wp\/v2\/pages\/66"}],"collection":[{"href":"http:\/\/www.karrieremanagement.at\/index.php?rest_route=\/wp\/v2\/pages"}],"about":[{"href":"http:\/\/www.karrieremanagement.at\/index.php?rest_route=\/wp\/v2\/types\/page"}],"author":[{"embeddable":true,"href":"http:\/\/www.karrieremanagement.at\/index.php?rest_route=\/wp\/v2\/users\/1"}],"replies":[{"embeddable":true,"href":"http:\/\/www.karrieremanagement.at\/index.php?rest_route=%2Fwp%2Fv2%2Fcomments&post=66"}],"version-history":[{"count":1,"href":"http:\/\/www.karrieremanagement.at\/index.php?rest_route=\/wp\/v2\/pages\/66\/revisions"}],"predecessor-version":[{"id":119,"href":"http:\/\/www.karrieremanagement.at\/index.php?rest_route=\/wp\/v2\/pages\/66\/revisions\/119"}],"up":[{"embeddable":true,"href":"http:\/\/www.karrieremanagement.at\/index.php?rest_route=\/wp\/v2\/pages\/20"}],"wp:attachment":[{"href":"http:\/\/www.karrieremanagement.at\/index.php?rest_route=%2Fwp%2Fv2%2Fmedia&parent=66"}],"curies":[{"name":"wp","href":"https:\/\/api.w.org\/{rel}","templated":true}]}}