{"id":68,"date":"2011-03-29T08:19:53","date_gmt":"2011-03-29T06:19:53","guid":{"rendered":"http:\/\/agrinschgl.wreiner.at\/wordpress\/?page_id=68"},"modified":"2016-02-17T20:26:01","modified_gmt":"2016-02-17T18:26:01","slug":"matura-coaching","status":"publish","type":"page","link":"http:\/\/www.karrieremanagement.at\/?page_id=68","title":{"rendered":"Matura Coaching"},"content":{"rendered":"<p>Vielen Sch\u00fclern erscheint die Matura als un\u00fcberwindbare H\u00fcrde.  Dieser Workshop soll helfen diese Angst und eine gewissenhafte  Vorbereitung zu erm\u00f6glichen. Auch ein selbstsicherer auftritt ist Teil  der m\u00fcndlichen Reifepr\u00fcfung. Hier helfen wir st\u00f6rende Faktoren zu  entsch\u00e4rfen und \u00c4ngste zu lindern.<\/p>\n<h3>Inhalt<\/h3>\n<ul>\n<li>Rechtliche Rahmenbedingungen<\/li>\n<li>Pr\u00e4sentationstechniken<\/li>\n<li>Vorbereitungsmanagement<\/li>\n<li>Pr\u00fcfungssimulation<\/li>\n<li>Stressabbau<\/li>\n<\/ul>\n<p>Dauer: 8 StundenBeitrag: \u20ac 11,- pro Teilnehmer<\/p>\n","protected":false},"excerpt":{"rendered":"<p>Vielen Sch\u00fclern erscheint die Matura als un\u00fcberwindbare H\u00fcrde. Dieser Workshop soll helfen diese Angst und eine gewissenhafte Vorbereitung zu erm\u00f6glichen. Auch ein selbstsicherer auftritt ist Teil der m\u00fcndlichen Reifepr\u00fcfung. Hier helfen wir st\u00f6rende Faktoren zu entsch\u00e4rfen und \u00c4ngste zu lindern. Inhalt Rechtliche Rahmenbedingungen Pr\u00e4sentationstechniken Vorbereitungsmanagement Pr\u00fcfungssimulation Stressabbau Dauer: 8 StundenBeitrag:&#8230;<\/p>\n","protected":false},"author":1,"featured_media":0,"parent":20,"menu_order":4,"comment_status":"closed","ping_status":"closed","template":"onecolumn-page.php","meta":[],"_links":{"self":[{"href":"http:\/\/www.karrieremanagement.at\/index.php?rest_route=\/wp\/v2\/pages\/68"}],"collection":[{"href":"http:\/\/www.karrieremanagement.at\/index.php?rest_route=\/wp\/v2\/pages"}],"about":[{"href":"http:\/\/www.karrieremanagement.at\/index.php?rest_route=\/wp\/v2\/types\/page"}],"author":[{"embeddable":true,"href":"http:\/\/www.karrieremanagement.at\/index.php?rest_route=\/wp\/v2\/users\/1"}],"replies":[{"embeddable":true,"href":"http:\/\/www.karrieremanagement.at\/index.php?rest_route=%2Fwp%2Fv2%2Fcomments&post=68"}],"version-history":[{"count":1,"href":"http:\/\/www.karrieremanagement.at\/index.php?rest_route=\/wp\/v2\/pages\/68\/revisions"}],"predecessor-version":[{"id":120,"href":"http:\/\/www.karrieremanagement.at\/index.php?rest_route=\/wp\/v2\/pages\/68\/revisions\/120"}],"up":[{"embeddable":true,"href":"http:\/\/www.karrieremanagement.at\/index.php?rest_route=\/wp\/v2\/pages\/20"}],"wp:attachment":[{"href":"http:\/\/www.karrieremanagement.at\/index.php?rest_route=%2Fwp%2Fv2%2Fmedia&parent=68"}],"curies":[{"name":"wp","href":"https:\/\/api.w.org\/{rel}","templated":true}]}}